{"id":2,"date":"2009-06-26T18:02:31","date_gmt":"2009-06-26T16:02:31","guid":{"rendered":"http:\/\/matrixsecurity.hu\/?page_id=2"},"modified":"2026-01-17T20:04:04","modified_gmt":"2026-01-17T19:04:04","slug":"magunkrol","status":"publish","type":"page","link":"https:\/\/matrixsecurity.hu\/","title":{"rendered":"Nyugodt \u00e1lmok, biztons\u00e1gos otthon."},"content":{"rendered":"\n<h1 class=\"wp-block-heading has-text-align-center\">Profi v\u00e9delem Ny\u00edregyh\u00e1z\u00e1n \u00e9s k\u00f6rny\u00e9k\u00e9n.<\/h1>\n\n\n\n<figure class=\"wp-block-image size-full\"><img loading=\"lazy\" decoding=\"async\" width=\"1024\" height=\"599\" src=\"https:\/\/matrixsecurity.hu\/wp-content\/uploads\/2026\/01\/riasztos-haz.webp\" alt=\"\" class=\"wp-image-7532\" srcset=\"https:\/\/matrixsecurity.hu\/wp-content\/uploads\/2026\/01\/riasztos-haz.webp 1024w, https:\/\/matrixsecurity.hu\/wp-content\/uploads\/2026\/01\/riasztos-haz-300x175.webp 300w, https:\/\/matrixsecurity.hu\/wp-content\/uploads\/2026\/01\/riasztos-haz-768x449.webp 768w\" sizes=\"auto, (max-width: 1024px) 100vw, 1024px\" \/><\/figure>\n\n\n\n<h3 class=\"wp-block-heading has-text-align-center\">V\u00e9gre nyugodtan otthagyhatja \u00e9rt\u00e9keit, mi vigy\u00e1zunk r\u00e1juk.<\/h3>\n\n\n\n<p>\u00d6nnek nem csak egy riaszt\u00f3ra vagy egy kamer\u00e1ra van sz\u00fcks\u00e9ge, hanem arra a megnyugtat\u00f3 \u00e9rz\u00e9sre, hogy a csal\u00e1dja \u00e9s a vagyona biztons\u00e1gban van. A <strong>M\u00e1trix Security<\/strong> csapata t\u00f6bb mint 30 \u00e9ve telep\u00edt olyan intelligens v\u00e9delmi rendszereket Ny\u00edregyh\u00e1z\u00e1n \u00e9s k\u00f6rny\u00e9k\u00e9n, amelyek val\u00f3ban meg\u00e1ll\u00edtj\u00e1k a bet\u00f6r\u0151ket.<\/p>\n\n\n\n<p>N\u00e1lunk nincs kock\u00e1zat: munk\u00e1nkra <strong>egyed\u00fcl\u00e1ll\u00f3 p\u00e9nzvisszafizet\u00e9si \u00e9s hat\u00e1rid\u0151-garanci\u00e1t<\/strong> v\u00e1llalunk. Ha mi telep\u00edt\u00fcnk, \u00d6n nem csak egy eszk\u00f6zt, hanem egy \u00e9jjel-nappal \u00e9ber, megb\u00edzhat\u00f3 sz\u00f6vets\u00e9gest kap.<\/p>\n\n\n\n<p><\/p>\n\n\n\n<p class=\"has-text-align-center\">Engedje, hogy seg\u00edts\u00fcnk! Keressen minket m\u00e9g ma!<\/p>\n\n\n\n<p class=\"has-text-align-center\">Helysz\u00edni felm\u00e9r\u00e9s, tan\u00e1csad\u00e1s \u00e9s aj\u00e1nlatk\u00e9sz\u00edt\u00e9s <span style=\"color: #0000ff;\"><strong>ingyen \u00e9s k\u00f6telezetts\u00e9gmentesen!<\/strong><\/span><\/p>\n\n\n<div class=\"wp-block-image\">\n<figure class=\"aligncenter size-full\"><a href=\"https:\/\/matrixsecurity.hu\/index.php\/kapcsolat\"><img loading=\"lazy\" decoding=\"async\" width=\"1024\" height=\"484\" src=\"https:\/\/matrixsecurity.hu\/wp-content\/uploads\/2026\/01\/hivjon.webp\" alt=\"\" class=\"wp-image-7540\" title=\"hivjon\" srcset=\"https:\/\/matrixsecurity.hu\/wp-content\/uploads\/2026\/01\/hivjon.webp 1024w, https:\/\/matrixsecurity.hu\/wp-content\/uploads\/2026\/01\/hivjon-300x142.webp 300w, https:\/\/matrixsecurity.hu\/wp-content\/uploads\/2026\/01\/hivjon-768x363.webp 768w\" sizes=\"auto, (max-width: 1024px) 100vw, 1024px\" \/><\/a><\/figure>\n<\/div>\n\n\n<h2 class=\"wp-block-heading has-text-align-center\">Szolg\u00e1ltat\u00e1saink:<\/h2>\n\n\n\n<p><strong>Kamerarendszer<\/strong> tervez\u00e9s, telep\u00edt\u00e9s, karbantart\u00e1s \u00e9s szerviz.<br \/>Kamer\u00e1k, r\u00f6gz\u00edt\u0151k, t\u00e1pok, switchek \u00e9s kamerarendszer kieg\u00e9sz\u00edt\u0151k  kis \u00e9s nagykereskedelme.    <a href=\"https:\/\/matrixsecurity.hu\/index.php\/szolgaltatasaink\">b\u0151vebben&#8230;<\/a><\/p>\n\n\n\n<figure class=\"wp-block-image size-large\"><a href=\"https:\/\/matrixsecurity.hu\/index.php\/szolgaltatasaink\"><img loading=\"lazy\" decoding=\"async\" width=\"1024\" height=\"512\" src=\"https:\/\/matrixsecurity.hu\/wp-content\/uploads\/2026\/01\/Matrix-Security-kamera-banner-1024x512.webp\" alt=\"\" class=\"wp-image-7561\" srcset=\"https:\/\/matrixsecurity.hu\/wp-content\/uploads\/2026\/01\/Matrix-Security-kamera-banner-1024x512.webp 1024w, https:\/\/matrixsecurity.hu\/wp-content\/uploads\/2026\/01\/Matrix-Security-kamera-banner-300x150.webp 300w, https:\/\/matrixsecurity.hu\/wp-content\/uploads\/2026\/01\/Matrix-Security-kamera-banner-768x384.webp 768w, https:\/\/matrixsecurity.hu\/wp-content\/uploads\/2026\/01\/Matrix-Security-kamera-banner.webp 1200w\" sizes=\"auto, (max-width: 1024px) 100vw, 1024px\" \/><\/a><\/figure>\n\n\n\n<p><strong>Riaszt\u00f3rendszer<\/strong> tervez\u00e9s, telep\u00edt\u00e9s, karbantart\u00e1s \u00e9s szerviz.<br \/>Riaszt\u00f3 k\u00f6zpontok, \u00e9rz\u00e9kel\u0151k, alkatr\u00e9szek \u00e9s kieg\u00e9sz\u00edt\u0151k  kis \u00e9s nagykereskedelme.     <a href=\"https:\/\/matrixsecurity.hu\/index.php\/szolgaltatasaink\">b\u0151vebben&#8230;<\/a><\/p>\n\n\n\n<figure class=\"wp-block-image size-large\"><a href=\"https:\/\/matrixsecurity.hu\/index.php\/szolgaltatasaink\"><img loading=\"lazy\" decoding=\"async\" width=\"1024\" height=\"512\" src=\"https:\/\/matrixsecurity.hu\/wp-content\/uploads\/2026\/01\/Matrix-Security-riaszto-banner-1024x512.webp\" alt=\"\" class=\"wp-image-7562\" srcset=\"https:\/\/matrixsecurity.hu\/wp-content\/uploads\/2026\/01\/Matrix-Security-riaszto-banner-1024x512.webp 1024w, https:\/\/matrixsecurity.hu\/wp-content\/uploads\/2026\/01\/Matrix-Security-riaszto-banner-300x150.webp 300w, https:\/\/matrixsecurity.hu\/wp-content\/uploads\/2026\/01\/Matrix-Security-riaszto-banner-768x384.webp 768w, https:\/\/matrixsecurity.hu\/wp-content\/uploads\/2026\/01\/Matrix-Security-riaszto-banner.webp 1200w\" sizes=\"auto, (max-width: 1024px) 100vw, 1024px\" \/><\/a><\/figure>\n\n\n\n<p><strong>T\u0171zjelz\u0151rendszer<\/strong> tervez\u00e9s, telep\u00edt\u00e9s, karbantart\u00e1s \u00e9s szerviz.<br \/>T\u0171zjelz\u0151 \u00e9s olt\u00f3 k\u00f6zpontok, \u00e9rz\u00e9kel\u0151k, alkatr\u00e9szek \u00e9s kieg\u00e9sz\u00edt\u0151k  kis \u00e9s nagykereskedelme.     <a href=\"https:\/\/matrixsecurity.hu\/index.php\/szolgaltatasaink\">b\u0151vebben&#8230;<\/a><\/p>\n\n\n\n<figure class=\"wp-block-image size-large\"><a href=\"https:\/\/matrixsecurity.hu\/index.php\/szolgaltatasaink\"><img loading=\"lazy\" decoding=\"async\" width=\"1024\" height=\"512\" src=\"https:\/\/matrixsecurity.hu\/wp-content\/uploads\/2026\/01\/Matrix-Security-tuzjelzo-banner-1024x512.webp\" alt=\"\" class=\"wp-image-7565\" srcset=\"https:\/\/matrixsecurity.hu\/wp-content\/uploads\/2026\/01\/Matrix-Security-tuzjelzo-banner-1024x512.webp 1024w, https:\/\/matrixsecurity.hu\/wp-content\/uploads\/2026\/01\/Matrix-Security-tuzjelzo-banner-300x150.webp 300w, https:\/\/matrixsecurity.hu\/wp-content\/uploads\/2026\/01\/Matrix-Security-tuzjelzo-banner-768x384.webp 768w, https:\/\/matrixsecurity.hu\/wp-content\/uploads\/2026\/01\/Matrix-Security-tuzjelzo-banner.webp 1200w\" sizes=\"auto, (max-width: 1024px) 100vw, 1024px\" \/><\/a><\/figure>\n\n\n\n<h2 class=\"wp-block-heading\"><strong>10 &nbsp;ok, hogy mi\u00e9rt minket v\u00e1lasszon.<\/strong><\/h2>\n\n\n\n<p><span style=\"color: #ff0000;\"><strong>1. &nbsp;<\/strong><strong>100% p\u00e9nzvisszafizet\u00e9si garancia.<\/strong><\/span> ( Ha a riaszt\u00f3 rendeltet\u00e9sszer\u0171 haszn\u00e1lata mellett, \u00f6nh\u00f6z sikeresen bet\u00f6rnek, mi a riaszt\u00f3 teljes beker\u00fcl\u00e9si \u00e1r\u00e1t visszafizetj\u00fck. )<\/p>\n\n\n\n<p><span style=\"color: #ff0000;\"><strong>2.&nbsp; Hat\u00e1rid\u0151 garancia.<\/strong><\/span> ( Ha a mi hib\u00e1nkb\u00f3l nem siker\u00fcl tartani a telep\u00edt\u00e9s egyeztetett hat\u00e1ridej\u00e9t, automatikusan 10% &#8211; al cs\u00f6kkentj\u00fck a rendszer \u00e1r\u00e1t.) Miattunk nem fog cs\u00faszni az \u00e9p\u00edtkez\u00e9s\/fel\u00faj\u00edt\u00e1s.<\/p>\n\n\n\n<p><span style=\"color: #ff0000;\"><strong>3.&nbsp; Extr\u00e9m id\u0151pont garancia.<\/strong><\/span> ( Nem szeretne, vagy nem tud szabads\u00e1got kivenni? \u00c9p\u00edt\u00e9sn\u00e9l fel\u00faj\u00edt\u00e1sn\u00e1l be szeretn\u00e9 hozni a lemarad\u00e1st? Hamarabb \u00e9rkezik az \u00e1ruk\u00e9szlet, \u00e9s m\u00e9g nem gondolt a riaszt\u00f3ra? Nem szeretn\u00e9 ha alkalmazottai, vev\u0151i tudn\u00e1nak az \u00faj rendszerr\u0151l? Nem szeretn\u00e9 ha vev\u0151it zavarn\u00e1nk a f\u00far\u00e1s\/farag\u00e1ssal? Semmi gond, rajtunk nem fog m\u00falni. Szombat, Vas\u00e1rnap, \u00fcnnepnap, \u00e9jszaka? Nem akad\u00e1ly. S\u0151t, most ezt a szolg\u00e1ltat\u00e1sunkat fel\u00e1r n\u00e9lk\u00fcl ny\u00fajtjuk. \/15 nappal kor\u00e1bbi megrendel\u00e9s eset\u00e9n\/<\/p>\n\n\n\n<p><span style=\"color: #ff0000;\"><strong>4.&nbsp; Tiszta munka garancia.<\/strong><\/span> Meg fog lep\u0151dni, hogy f\u00farni\/faragni ilyen tiszt\u00e1n is lehet. Vel\u00fcnk a feles\u00e9ge is el\u00e9gedett lesz, hiszen telep\u00edt\u0151ink egyr\u00e9szt a lehet\u0151 legkisebb rombol\u00e1ssal oldj\u00e1k meg a feladatukat, m\u00e1sr\u00e9szt nem csak a nap v\u00e9g\u00e9n, hanem munka k\u00f6zben is takar\u00edtanak maguk ut\u00e1n.<\/p>\n\n\n\n<p><span style=\"color: #ff0000;\"><strong>5.&nbsp; Non-Stop garancia.<\/strong><\/span> Gond van a riaszt\u00f3val vas\u00e1rnap? Ne agg\u00f3djon. \u00dczlet\u00fcnk sz\u00e1ma \u00e9jjel nappal h\u00edvhat\u00f3. Koll\u00e9g\u00e1nk nemcsak telefonos seg\u00edts\u00e9get ny\u00fajt, hanem sz\u00fcks\u00e9g eset\u00e9n szervizest k\u00fcld a helysz\u00ednre.<\/p>\n\n\n\n<p><span style=\"color: #ff0000;\"><strong>6.&nbsp; K\u00f6lts\u00e9g-Stop garancia.<\/strong><\/span> Vastagok a falak? T\u00e9gl\u00e1nak n\u00e9zt\u00fck, pedig beton? A mennyezet sem gipsz, hanem betonf\u00f6d\u00e9m? Semmi gond. Ha tov\u00e1bb is tart a telep\u00edt\u00e9s, mint tippelt\u00fck, \u00f6nnek akkor sem kell t\u00f6bbet fizetnie. Biztos lehet benne, hogy a telep\u00edt\u00e9s k\u00f6r\u00fclm\u00e9nyei nem befoly\u00e1solj\u00e1k az aj\u00e1nlatban elfogadott \u00e1rat. Ha \u00f6n telep\u00edt\u00e9s k\u00f6zben szeretne m\u00f3dos\u00edtani a megbesz\u00e9lt technol\u00f3gi\u00e1n\/nyomvonalon\/eszk\u00f6z\u00f6k tipus\u00e1n\/sz\u00e1m\u00e1n, ennek plussz k\u00f6lts\u00e9g\u00e9t azonnal jelezz\u00fck, \u00edgy nem \u00e9rhetik meglepet\u00e9sek.<\/p>\n\n\n\n<p><span style=\"color: #ff0000;\"><strong>7.&nbsp; Szakember garancia<\/strong>.<\/span><\/p>\n\n\n\n<p>&#8211;&nbsp;&nbsp; Telep\u00edt\u0151ink biztons\u00e1gtechnikai rendszer telep\u00edt\u0151 v\u00e9gzetts\u00e9ggel, n\u00e9vre sz\u00f3l\u00f3 szakhat\u00f3s\u00e1gi (rend\u0151rs\u00e9gi) m\u0171k\u00f6d\u00e9si enged\u00e9llyel, erk\u00f6lcsi bizony\u00edtv\u00e1nnyal, vagyonv\u00e9delmi kamarai tags\u00e1ggal, felel\u0151ss\u00e9gbiztos\u00edt\u00e1ssal, \u00e9s t\u00f6bb \u00e9ves szakmai tapasztalattal rendelkeznek.<\/p>\n\n\n\n<p>&#8211;&nbsp;&nbsp; A M\u00e1trix Security szakhat\u00f3s\u00e1gi (rend\u0151rs\u00e9gi) m\u0171k\u00f6d\u00e9si enged\u00e9llyel, vagyonv\u00e9delmi kamarai tags\u00e1ggal, \u00e9s 15 milli\u00f3 Ft-os felel\u0151ss\u00e9gbiztos\u00edt\u00e1ssal rendelkezik.<\/p>\n\n\n\n<p>&#8211;&nbsp;&nbsp; Telep\u00edt\u0151ink m\u00e1s c\u00e9gekkel ellent\u00e9tben nem teljes\u00edtm\u00e9nyb\u00e9rt, hanem \u201emin\u0151s\u00e9gb\u00e9rt&#8221; kapnak. F\u0151 c\u00e9ljuk az el\u00e9rhet\u0151 maxim\u00e1lis biztons\u00e1got ny\u00fajt\u00f3 rendszer, \u00e9s a megrendel\u0151 el\u00e9gedetts\u00e9ge.<br \/>Min\u0151s\u00e9gpolitikai nyilatkozatunkat itt olvashatja.<br \/>Olvassa el a <a href=\"http:\/\/matrixsecurity.hu\/index.php\/hasznos_tanacsok\/szakember.php\" target=\"_blank\" rel=\"noopener noreferrer\">\u201emi\u00e9rt dolgoztassak szakemberrel&#8221;<\/a> cikk\u00fcnket.<\/p>\n\n\n\n<p><span style=\"color: #ff0000;\"><strong>8.&nbsp; Helysz\u00edni garancia.<\/strong><\/span> Az \u00e1ltalunk telep\u00edtett rendszerekre\/eszk\u00f6z\u00f6kre minimum 1 \u00e9v helysz\u00edni garanci\u00e1t v\u00e1llalunk. Teh\u00e1t a meghib\u00e1sodott eszk\u00f6zt a telep\u00edt\u00e9s helysz\u00edn\u00e9n jav\u00edtjuk, amennyiben ez nem lehets\u00e9ges, a jav\u00edt\u00e1s idej\u00e9re ingyenesen cseredarabot biztos\u00edtunk, \u00edgy lak\u00e1sa, nyaral\u00f3ja, telephelye egy percig sem marad v\u00e9dtelen\u00fcl.<br \/>Olvassa el a <a href=\"http:\/\/matrixsecurity.hu\/index.php\/hasznos_tanacsok\/szakember.php\" target=\"_blank\" rel=\"noopener noreferrer\">\u201emi\u00e9rt dolgoztassak szakemberrel&#8221;<\/a> cikk\u00fcnket.<\/p>\n\n\n\n<p><span style=\"color: #ff0000;\"><strong>9.&nbsp; Min\u0151s\u00e9g garancia.<\/strong><\/span> A M\u00e1trix Security kiz\u00e1r\u00f3lag Mabisz enged\u00e9lyes, \u00e9vek \u00f3ta piacon l\u00e9v\u0151, megb\u00edzhat\u00f3, stabil gy\u00e1rt\u00f3i t\u00e1mogatotts\u00e1ggal rendelkez\u0151 eszk\u00f6z\u00f6ket telep\u00edt \u00e9s forgalmaz.<\/p>\n\n\n\n<p><span style=\"color: #ff0000;\"><strong>10. Kipr\u00f3b\u00e1l\u00e1si garancia.<\/strong><\/span> &nbsp;<strong><span style=\"color: #0000ff;\">Mi nem \u00e1rulunk zs\u00e1kbamacsk\u00e1t.<\/span><\/strong> &nbsp;Bemutat\u00f3term\u00fcnkben m\u0171k\u00f6d\u00e9s k\u00f6zben tudjuk bemutatni a forgalmazott eszk\u00f6z\u00f6ket. &nbsp;Megrendel\u00e9s\/v\u00e1s\u00e1rl\u00e1s el\u0151tt megn\u00e9zheti, megfoghatja, kipr\u00f3b\u00e1lhatja a kiv\u00e1lasztott eszk\u00f6z\u00f6ket.<\/p>\n\n\n\n<p><strong>Ne feledje.: A megel\u0151z\u00e9s mindig olcs\u00f3bb.<\/strong><\/p>\n\n\n\n<p>Engedje hogy seg\u00edts\u00fcnk. Keressen minket m\u00e9g ma.<\/p>\n\n\n\n<p class=\"has-text-align-center\"><\/p>\n\n\n<div class=\"wp-block-image\">\n<figure class=\"aligncenter size-full\"><a href=\"https:\/\/matrixsecurity.hu\/index.php\/kapcsolat\"><img loading=\"lazy\" decoding=\"async\" width=\"1024\" height=\"484\" src=\"https:\/\/matrixsecurity.hu\/wp-content\/uploads\/2026\/01\/hivjon.webp\" alt=\"\" class=\"wp-image-7540\" title=\"hivjon\" srcset=\"https:\/\/matrixsecurity.hu\/wp-content\/uploads\/2026\/01\/hivjon.webp 1024w, https:\/\/matrixsecurity.hu\/wp-content\/uploads\/2026\/01\/hivjon-300x142.webp 300w, https:\/\/matrixsecurity.hu\/wp-content\/uploads\/2026\/01\/hivjon-768x363.webp 768w\" sizes=\"auto, (max-width: 1024px) 100vw, 1024px\" \/><\/a><\/figure>\n<\/div>\n\n\n<p class=\"has-text-align-center\"><\/p>\n\n\n\n<h5 class=\"wp-block-heading\"><strong><span style=\"color: #0000ff;\">Szolg\u00e1ltat\u00e1saink:<\/span><\/strong><\/h5>\n\n\n\n<h5 class=\"wp-block-heading\"><span style=\"color: #0000ff;\">Kiskereskedelem:<\/span> &nbsp;Szak\u00fczlet\u00fcnkben nagy v\u00e1laszt\u00e9kban kaphat\u00f3k: Vagyonv\u00e9delmi, biztons\u00e1gtechnikai eszk\u00f6z\u00f6k, riaszt\u00f3rendszerek, kamerarendszerek, bel\u00e9ptet\u0151 rendszerek, t\u0171zjelz\u0151 rendszerek, kieg\u00e9sz\u00edt\u0151k, tartoz\u00e9kok, alkatr\u00e9szek \u00e9s szerel\u00e9si anyagok.<\/h5>\n\n\n\n<h5 class=\"wp-block-heading\"><span style=\"color: #0000ff;\">Nagykereskedelem:<\/span> Telep\u00edt\u0151 partnereink \u00fczlet\u00fcnkben nagykereskedelmi \u00e1ron v\u00e1s\u00e1rolhatnak. <a title=\"r\u00e9szletek itt.\" href=\"http:\/\/matrixsecurity.hu\/index.php\/telepitoknek\" target=\"_blank\" rel=\"noopener noreferrer\">r\u00e9szletek itt.<\/a><\/h5>\n\n\n\n<h5 class=\"wp-block-heading\"><span style=\"color: #0000ff;\">Tervez\u00e9s\/Telep\u00edt\u00e9s\/Karbantart\u00e1s\/szerv\u00edz:<\/span> &nbsp;Vagyonv\u00e9delmi, biztons\u00e1gtechnikai rendszerek, riaszt\u00f3, kamera, t\u0171zjelz\u0151, kaputelefon, bel\u00e9ptet\u0151 rendszerek tervez\u00e9se, telep\u00edt\u00e9se, szerel\u00e9se, eseti \u00e9s \u00e1tal\u00e1nyd\u00edjas karbantart\u00e1sa \u00e9s szervize.&nbsp;&nbsp; <a href=\"http:\/\/matrixsecurity.hu\/index.php\/szolgaltatasaink\" target=\"_self\" rel=\"noopener noreferrer\">tov\u00e1bbi r\u00e9szletek itt.<\/a><\/h5>\n\n\n\n<h5 class=\"wp-block-heading\"><span style=\"color: #0000ff;\">Szolg\u00e1ltat\u00e1si ter\u00fclet\u00fcnk:<\/span> Ny\u00edregyh\u00e1za, Kisv\u00e1rda, M\u00e1t\u00e9szalka, V\u00e1s\u00e1rosnam\u00e9ny, Z\u00e1hony, Baktal\u00f3r\u00e1nth\u00e1za, Ny\u00edrmada, Ajak, Dombr\u00e1d, Ny\u00edrbogd\u00e1ny, Ny\u00edrtura, Nagyhal\u00e1sz, Ny\u00edrtelek, Ny\u00edrsz\u0151l\u0151, Nagycserkesz, Tiszavasv\u00e1ri, \u00dajfeh\u00e9rt\u00f3, Balk\u00e1ny, Nagyk\u00e1ll\u00f3, teh\u00e1t Szabolcs Szatm\u00e1r Bereg megye teljes ter\u00fclete.<\/h5>\n\n\n\n<h5 class=\"wp-block-heading\"><a href=\"http:\/\/matrixsecurity.hu\/index.php\/kapcsolat\" target=\"_self\" rel=\"noopener noreferrer\">El\u00e9rhet\u0151s\u00e9geinket itt tal\u00e1lja.<\/a><\/h5>\n\n\n\n<h5 class=\"wp-block-heading\"><a href=\"http:\/\/matrixsecurity.hu\/index.php\/hirek-ujdonsagok\" target=\"_self\" rel=\"noopener noreferrer\">Aktu\u00e1lis akci\u00f3inkat itt tekintheti meg.<\/a><\/h5>\n\n\n\n<figure class=\"wp-block-image\"><a href=\"http:\/\/matrixsecurity.hu\/index.php\/aktualis-akcioink\"><img loading=\"lazy\" decoding=\"async\" width=\"590\" height=\"400\" src=\"http:\/\/matrixsecurity.hu\/wp-content\/uploads\/2024\/10\/akci\u00f3k-590.jpg\" alt=\"\" class=\"wp-image-6827\" srcset=\"https:\/\/matrixsecurity.hu\/wp-content\/uploads\/2024\/10\/akci\u00f3k-590.jpg 590w, https:\/\/matrixsecurity.hu\/wp-content\/uploads\/2024\/10\/akci\u00f3k-590-300x203.jpg 300w\" sizes=\"auto, (max-width: 590px) 100vw, 590px\" \/><\/a><\/figure>\n\n\n\n<figure class=\"wp-block-image\"><a href=\"http:\/\/matrixsecurity.hu\/index.php\/category\/kamera\/techson-ip\/8mp\"><img loading=\"lazy\" decoding=\"async\" width=\"590\" height=\"400\" src=\"http:\/\/matrixsecurity.hu\/wp-content\/uploads\/2024\/10\/Ne-csak-n\u00e9zz-8MP-590.jpg\" alt=\"\" class=\"wp-image-6825\" srcset=\"https:\/\/matrixsecurity.hu\/wp-content\/uploads\/2024\/10\/Ne-csak-n\u00e9zz-8MP-590.jpg 590w, https:\/\/matrixsecurity.hu\/wp-content\/uploads\/2024\/10\/Ne-csak-n\u00e9zz-8MP-590-300x203.jpg 300w\" sizes=\"auto, (max-width: 590px) 100vw, 590px\" \/><\/a><\/figure>\n","protected":false},"excerpt":{"rendered":"<p>Profi v\u00e9delem Ny\u00edregyh\u00e1z\u00e1n \u00e9s k\u00f6rny\u00e9k\u00e9n. V\u00e9gre nyugodtan otthagyhatja \u00e9rt\u00e9keit, mi vigy\u00e1zunk r\u00e1juk. \u00d6nnek nem csak egy riaszt\u00f3ra vagy egy kamer\u00e1ra van sz\u00fcks\u00e9ge, hanem arra a megnyugtat\u00f3 \u00e9rz\u00e9sre, hogy a csal\u00e1dja \u00e9s a vagyona biztons\u00e1gban van. A M\u00e1trix Security csapata t\u00f6bb mint 30 \u00e9ve telep\u00edt olyan intelligens v\u00e9delmi rendszereket Ny\u00edregyh\u00e1z\u00e1n \u00e9s k\u00f6rny\u00e9k\u00e9n, amelyek val\u00f3ban meg\u00e1ll\u00edtj\u00e1k a &hellip; <a href=\"https:\/\/matrixsecurity.hu\/\" class=\"more-link\"><span class=\"screen-reader-text\">Nyugodt \u00e1lmok, biztons\u00e1gos otthon.<\/span> b\u0151vebben&#8230; <span class=\"meta-nav\">&rarr;<\/span><\/a><\/p>\n","protected":false},"author":1,"featured_media":0,"parent":0,"menu_order":10,"comment_status":"closed","ping_status":"closed","template":"","meta":{"om_disable_all_campaigns":false,"_monsterinsights_skip_tracking":false,"_monsterinsights_sitenote_active":false,"_monsterinsights_sitenote_note":"","_monsterinsights_sitenote_category":0,"_uf_show_specific_survey":0,"_uf_disable_surveys":false,"footnotes":""},"class_list":["post-2","page","type-page","status-publish","hentry"],"aioseo_notices":[],"_links":{"self":[{"href":"https:\/\/matrixsecurity.hu\/wp-json\/wp\/v2\/pages\/2","targetHints":{"allow":["GET"]}}],"collection":[{"href":"https:\/\/matrixsecurity.hu\/wp-json\/wp\/v2\/pages"}],"about":[{"href":"https:\/\/matrixsecurity.hu\/wp-json\/wp\/v2\/types\/page"}],"author":[{"embeddable":true,"href":"https:\/\/matrixsecurity.hu\/wp-json\/wp\/v2\/users\/1"}],"replies":[{"embeddable":true,"href":"https:\/\/matrixsecurity.hu\/wp-json\/wp\/v2\/comments?post=2"}],"version-history":[{"count":4,"href":"https:\/\/matrixsecurity.hu\/wp-json\/wp\/v2\/pages\/2\/revisions"}],"predecessor-version":[{"id":7566,"href":"https:\/\/matrixsecurity.hu\/wp-json\/wp\/v2\/pages\/2\/revisions\/7566"}],"wp:attachment":[{"href":"https:\/\/matrixsecurity.hu\/wp-json\/wp\/v2\/media?parent=2"}],"curies":[{"name":"wp","href":"https:\/\/api.w.org\/{rel}","templated":true}]}}